{"id":813565,"date":"2017-07-06T14:57:53","date_gmt":"2017-07-06T14:57:53","guid":{"rendered":"http:\/\/www.homim.es\/pagina-ejemplo\/"},"modified":"2025-08-01T14:08:58","modified_gmt":"2025-08-01T14:08:58","slug":"inici","status":"publish","type":"page","link":"https:\/\/www.homim.es\/ca\/","title":{"rendered":"Inici"},"content":{"rendered":"<p>Aquesta \u00e9s una p\u00e0gina d\u2019exemple. \u00c9s diferent d\u2019una entrada d\u2019un blog perqu\u00e8 es mant\u00e9 est\u00e0tica i es mostrar\u00e0 a la barra de navegaci\u00f3 (en la majoria de temes). Gaireb\u00e9 tothom comen\u00e7a amb una p\u00e0gina Sobre mi per presentar-se als visitants potencials. Podria ser aix\u00ed:<\/p>\n<blockquote><p>Hola! Soc missatger durant el dia, aspirant a actor a la nit, i aquesta \u00e9s la meva web. Visc a Madrid, tinc un goss\u00e0s que es diu Juan i m\u2019encanta la pinya colada (i que m\u2019agafi un bon x\u00e0fec)<\/p><\/blockquote>\n<p>\u2026 o aix\u00ed:<\/p>\n<blockquote><p>L\u2019empresa Calcetines XYZ es va fundar l\u2019any 1971 i produeix mitjons de qualitat per als clients des de llavors. L\u2019empresa XYZ, ubicada a Gothan, t\u00e9 m\u00e9s de 2.000 empleats i intenta ajudar tot el possible per millorar la vida a Gothan<\/p><\/blockquote>\n<p>Si ets nou a WordPress, hauries d\u2019anar al <a href=\"\u201dhttps:\/\/cloud20.es\/homim\/wp-admin\/&quot;\">teu escriptori<\/a> per esborrar aquesta p\u00e0gina i crear-ne algunes de noves amb el teu contingut. Passa-ho b\u00e9!<\/p>\n","protected":false},"excerpt":{"rendered":"<p>Aquesta \u00e9s una p\u00e0gina d\u2019exemple. \u00c9s diferent d\u2019una entrada d\u2019un blog perqu\u00e8 es mant\u00e9 est\u00e0tica i es mostrar\u00e0 a la barra de navegaci\u00f3 (en la majoria de temes). Gaireb\u00e9 tothom comen\u00e7a amb una p\u00e0gina Sobre mi per presentar-se als visitants potencials. Podria ser aix\u00ed: Hola! Soc missatger durant el dia, aspirant a actor a la&#8230; <span class=\"read-more\">leer m\u00e1s<\/span><\/p>\n","protected":false},"author":1,"featured_media":0,"parent":0,"menu_order":1,"comment_status":"closed","ping_status":"open","template":"page-home.php","meta":{"_acf_changed":false,"footnotes":""},"acf":[],"_links":{"self":[{"href":"https:\/\/www.homim.es\/ca\/wp-json\/wp\/v2\/pages\/813565"}],"collection":[{"href":"https:\/\/www.homim.es\/ca\/wp-json\/wp\/v2\/pages"}],"about":[{"href":"https:\/\/www.homim.es\/ca\/wp-json\/wp\/v2\/types\/page"}],"author":[{"embeddable":true,"href":"https:\/\/www.homim.es\/ca\/wp-json\/wp\/v2\/users\/1"}],"replies":[{"embeddable":true,"href":"https:\/\/www.homim.es\/ca\/wp-json\/wp\/v2\/comments?post=813565"}],"version-history":[{"count":0,"href":"https:\/\/www.homim.es\/ca\/wp-json\/wp\/v2\/pages\/813565\/revisions"}],"wp:attachment":[{"href":"https:\/\/www.homim.es\/ca\/wp-json\/wp\/v2\/media?parent=813565"}],"curies":[{"name":"wp","href":"https:\/\/api.w.org\/{rel}","templated":true}]}}