{"id":813698,"date":"2018-04-09T16:46:04","date_gmt":"2018-04-09T16:46:04","guid":{"rendered":"http:\/\/www.homim.es\/confirmacion\/"},"modified":"2018-11-26T12:29:26","modified_gmt":"2018-11-26T12:29:26","slug":"gracias","status":"publish","type":"page","link":"https:\/\/www.homim.es\/ca\/contacto\/gracias\/","title":{"rendered":"Confirmaci\u00f3n"},"content":{"rendered":"<h2 class=\"mrgbottom30\">Gr\u00e0cies per contactar amb nosaltres.<\/h2>\n<p>&nbsp;<\/p>\n<p>Un especialista es posar\u00e0 en contacte amb tu pr\u00f2ximament per assessorar-te i ampliar informaci\u00f3.<\/p>\n<p>&nbsp;<\/p>\n<p>&nbsp;<br \/>\n<a href=\"https:\/\/www.homim.es\/ca\/\" class=\"btn-backhome\">Tornar a l&#8217;inici<\/a><\/p>\n","protected":false},"excerpt":{"rendered":"<p>Gr\u00e0cies per contactar amb nosaltres. &nbsp; Un especialista es posar\u00e0 en contacte amb tu pr\u00f2ximament per assessorar-te i ampliar informaci\u00f3. &nbsp; &nbsp; Tornar a l&#8217;inici<\/p>\n","protected":false},"author":1,"featured_media":192,"parent":813599,"menu_order":0,"comment_status":"closed","ping_status":"closed","template":"page-confirmacion.php","meta":{"_acf_changed":false,"footnotes":""},"acf":[],"_links":{"self":[{"href":"https:\/\/www.homim.es\/ca\/wp-json\/wp\/v2\/pages\/813698"}],"collection":[{"href":"https:\/\/www.homim.es\/ca\/wp-json\/wp\/v2\/pages"}],"about":[{"href":"https:\/\/www.homim.es\/ca\/wp-json\/wp\/v2\/types\/page"}],"author":[{"embeddable":true,"href":"https:\/\/www.homim.es\/ca\/wp-json\/wp\/v2\/users\/1"}],"replies":[{"embeddable":true,"href":"https:\/\/www.homim.es\/ca\/wp-json\/wp\/v2\/comments?post=813698"}],"version-history":[{"count":0,"href":"https:\/\/www.homim.es\/ca\/wp-json\/wp\/v2\/pages\/813698\/revisions"}],"up":[{"embeddable":true,"href":"https:\/\/www.homim.es\/ca\/wp-json\/wp\/v2\/pages\/813599"}],"wp:featuredmedia":[{"embeddable":true,"href":"https:\/\/www.homim.es\/ca\/wp-json\/wp\/v2\/media\/192"}],"wp:attachment":[{"href":"https:\/\/www.homim.es\/ca\/wp-json\/wp\/v2\/media?parent=813698"}],"curies":[{"name":"wp","href":"https:\/\/api.w.org\/{rel}","templated":true}]}}